{"id":479,"date":"2022-06-06T22:48:19","date_gmt":"2022-06-06T22:48:19","guid":{"rendered":"https:\/\/ideasenorden.mx\/catalogo\/?post_type=product&#038;p=479"},"modified":"2023-07-04T00:05:35","modified_gmt":"2023-07-04T00:05:35","slug":"mueble-de-tv","status":"publish","type":"product","link":"https:\/\/ideasenorden.mx\/catalogo\/producto\/mueble-de-tv\/","title":{"rendered":"Mueble de TV"},"content":{"rendered":"<div class=\"page\" title=\"Page 1\">\n<div class=\"section\">\n<div class=\"layoutArea\">\n<div class=\"column\">\n<p><strong>Ancho: 240 cm<br \/>\nFondo: 40 cm<br \/>\nAlto: 180 cm<\/strong><\/p>\n<\/div>\n<p><strong>Acabado:<\/strong> Melamina<\/p>\n<div class=\"column\">\n<div class=\"page\" title=\"Page 1\">\n<div class=\"section\">\n<div class=\"layoutArea\">\n<div class=\"column\">\n<div>\n<p><strong>Colores disponibles:<\/strong> El exhibido en la imagen<\/p>\n<\/div>\n<p>Complem\u00e9ntalo con m\u00f3dulos laterales. Escr\u00edbenos para m\u00e1s informaci\u00f3n.<\/p>\n<div>\n<p>*Entrega 7 semanas a partir de su pago al 100%<\/p>\n<p>&nbsp;<\/p>\n<p>&nbsp;<\/p>\n<\/div>\n<\/div>\n<\/div>\n<\/div>\n<\/div>\n<\/div>\n<\/div>\n<\/div>\n<\/div>\n","protected":false},"excerpt":{"rendered":"<p>Resuelve tus dudas o haz tu pedido por:<\/p>\n<p><a href=\"https:\/\/wa.me\/+525591103672?text=Me%20interesa%20mi%20Mueble%20de%20TV\" target=\"_blank\" rel=\"noopener\"><img loading=\"lazy\" decoding=\"async\" class=\"alignnone wp-image-66\" src=\"https:\/\/ideasenorden.mx\/catalogo\/wp-content\/uploads\/2022\/04\/boton_whatsapp.png\" alt=\"\" width=\"60\" height=\"60\" \/><\/a>\u00a0<a href=\"mailto:mailto:contacto@ideasenorden.mx?Subject=Me%20interesa%20mi%20Mueble%20de%20TV\"><img loading=\"lazy\" decoding=\"async\" src=\"https:\/\/ideasenorden.mx\/catalogo\/wp-content\/uploads\/2022\/04\/boton_mail.png\" alt=\"\" width=\"60\" height=\"60\" \/><\/a><\/p>\n<p><a href=\"https:\/\/ideasenorden.mx\/catalogo\/closets\/\"><span style=\"color: #fea30b;\">&lt;Regresar a Closets<\/span><\/a><\/p>\n","protected":false},"featured_media":481,"comment_status":"open","ping_status":"closed","template":"","meta":[],"product_brand":[],"product_cat":[22],"product_tag":[],"class_list":{"0":"post-479","1":"product","2":"type-product","3":"status-publish","4":"has-post-thumbnail","6":"product_cat-muebles-de-tv","8":"first","9":"instock","10":"shipping-taxable","11":"purchasable","12":"product-type-simple"},"_links":{"self":[{"href":"https:\/\/ideasenorden.mx\/catalogo\/wp-json\/wp\/v2\/product\/479","targetHints":{"allow":["GET"]}}],"collection":[{"href":"https:\/\/ideasenorden.mx\/catalogo\/wp-json\/wp\/v2\/product"}],"about":[{"href":"https:\/\/ideasenorden.mx\/catalogo\/wp-json\/wp\/v2\/types\/product"}],"replies":[{"embeddable":true,"href":"https:\/\/ideasenorden.mx\/catalogo\/wp-json\/wp\/v2\/comments?post=479"}],"wp:featuredmedia":[{"embeddable":true,"href":"https:\/\/ideasenorden.mx\/catalogo\/wp-json\/wp\/v2\/media\/481"}],"wp:attachment":[{"href":"https:\/\/ideasenorden.mx\/catalogo\/wp-json\/wp\/v2\/media?parent=479"}],"wp:term":[{"taxonomy":"product_brand","embeddable":true,"href":"https:\/\/ideasenorden.mx\/catalogo\/wp-json\/wp\/v2\/product_brand?post=479"},{"taxonomy":"product_cat","embeddable":true,"href":"https:\/\/ideasenorden.mx\/catalogo\/wp-json\/wp\/v2\/product_cat?post=479"},{"taxonomy":"product_tag","embeddable":true,"href":"https:\/\/ideasenorden.mx\/catalogo\/wp-json\/wp\/v2\/product_tag?post=479"}],"curies":[{"name":"wp","href":"https:\/\/api.w.org\/{rel}","templated":true}]}}